{"id":31,"date":"2023-06-10T12:24:21","date_gmt":"2023-06-10T12:24:21","guid":{"rendered":"https:\/\/freiheits.info\/?page_id=31"},"modified":"2023-07-02T13:43:52","modified_gmt":"2023-07-02T13:43:52","slug":"colibri-wp","status":"publish","type":"page","link":"https:\/\/freiheits.info\/","title":{"rendered":"freiheits.info: Freiheit durch Wissen."},"content":{"rendered":"\n<p class=\"has-text-align-center has-text-color has-large-font-size\" style=\"color:#006aa8\"><strong>Informationen, B\u00fccher und Produkte f\u00fcr ein freies Leben.<\/strong><\/p>\n\n\n<div class=\"style-188 style-local-31-c1 position-relative\" data-colibri-id=\"31-c1\"><hr \/>\n<p><span style=\"color: #000000;\"><b>Die Grundlagen f\u00fcr Selbstverwirklichung und ein erf\u00fclltes, gl\u00fcckliches Leben sind Freiheit, Selbstbestimmung und Unabh\u00e4ngigkeit in m\u00f6glichst vielen Lebensbereichen:<br \/><\/b><\/span><\/p>\n<p><span style=\"color: #000000;\"><strong>&#8211; \u00d6KONOMIE\u00a0 \u00a0(Lebensunterhalt, Einkommen, alternative Business Formen)<\/strong><\/span><br \/><span style=\"color: #000000;\"><strong>&#8211; GESUNDHEIT &amp; MEDIZIN\u00a0 (alternative &amp; nat\u00fcrliche Medizin, selbst gemachte Medizin)<\/strong><\/span><br \/><span style=\"color: #000000;\"><strong>&#8211; WOHNEN\u00a0 \u00a0(alternative Wohnformen, Nomadentum)<\/strong><\/span><br \/><span style=\"color: #000000;\"><strong>&#8211; ERN\u00c4HRUNG\u00a0 \u00a0(Nahrung aus der Natur, Jagen, Fischen, Sammeln, und mehr)<\/strong><\/span><br \/><span style=\"color: #000000;\"><strong>&#8211; MOBILIT\u00c4T\u00a0 \u00a0(zu Wasser und Land, mit und ohne F\u00fchrerschein)<br \/><br \/>F\u00fcr all diese Lebensbereiche bietet dir freiheits.info praxisbew\u00e4hrte, durch jeden umsetzbare L\u00f6sungen an. Du findest das wertvolle Wissen in B\u00fcchern zu den jeweiligen Themen, die du als eBook oder als Druckexemplare zu fairen Preisen erwerben kannst.<br \/><\/strong><\/span><\/p>\n<hr \/>\n<p><span style=\"color: #000000;\"><strong>Au\u00dferdem gilt das Versprechen:<\/strong><\/span><\/p>\n<p><span style=\"color: #b00000;\"><b>KEINE ESOTERIK, KEIN NETWORK, KEIN CRYPTO, KEIN MLM, KEIN ONLINE KONGRESS, KEINE MAILING LISTEN, KEIN BULLSHIT, KEINE ABZOCKE, ABER:<\/b><\/span><\/p>\n<p><b> <\/b><span style=\"color: #000000;\"><b>REALE L\u00d6SUNGEN F\u00dcR RECHTSCHAFFENE LEBENSWEGE IN FREIHEIT!<\/b><\/span><\/p>\n<hr \/>\n<div id=\"about\" class=\"h-section h-section-global-spacing d-flex align-items-lg-center align-items-md-center align-items-center style-189 style-local-31-c2 position-relative\" data-colibri-component=\"section\" data-colibri-id=\"31-c2\">\n<div class=\"h-section-grid-container h-section-boxed-container\">\n<div class=\"h-row-container gutters-row-lg-0 gutters-row-md-0 gutters-row-0 gutters-row-v-lg-0 gutters-row-v-md-0 gutters-row-v-0 style-190 style-local-31-c3 position-relative\" data-colibri-id=\"31-c3\">\n<div class=\"h-row justify-content-lg-center justify-content-md-center justify-content-center align-items-lg-stretch align-items-md-stretch align-items-stretch gutters-col-lg-0 gutters-col-md-0 gutters-col-0 gutters-col-v-lg-0 gutters-col-v-md-0 gutters-col-v-0\">\n<div class=\"h-column h-column-container d-flex h-col-lg-auto h-col-md-auto h-col-auto style-195-outer style-local-31-c8-outer\">\n<div class=\"d-flex h-flex-basis h-column__inner h-ui-empty-state-container h-px-lg-2 h-px-md-2 h-px-2 v-inner-lg-2 v-inner-md-2 v-inner-2 style-195 style-local-31-c8 position-relative\" data-colibri-id=\"31-c8\">\n<div class=\"w-100 h-y-container h-column__content h-column__v-align flex-basis-100\">\u00a0<\/div>\n<\/div>\n<\/div>\n<\/div>\n<\/div>\n<\/div>\n<\/div>\n<div id=\"features\" class=\"h-section h-section-global-spacing d-flex align-items-lg-center align-items-md-center align-items-center style-196 style-local-31-c9 position-relative\" data-colibri-component=\"section\" data-colibri-id=\"31-c9\">\n<div class=\"h-section-grid-container h-section-boxed-container\">\n<div class=\"h-row-container gutters-row-lg-2 gutters-row-md-2 gutters-row-0 gutters-row-v-lg-2 gutters-row-v-md-2 gutters-row-v-2 style-204 style-local-31-c35 position-relative\" data-colibri-id=\"31-c35\">\n<div class=\"h-row justify-content-lg-center justify-content-md-center justify-content-center align-items-lg-stretch align-items-md-stretch align-items-stretch gutters-col-lg-2 gutters-col-md-2 gutters-col-0 gutters-col-v-lg-2 gutters-col-v-md-2 gutters-col-v-2\">\n<div class=\"h-column h-column-container d-flex h-col-lg-auto h-col-md-auto h-col-auto style-205-outer style-local-31-c36-outer\">\n<div class=\"d-flex h-flex-basis h-column__inner h-px-lg-2 h-px-md-2 h-px-2 v-inner-lg-2 v-inner-md-2 v-inner-2 style-205 style-local-31-c36 position-relative\" data-colibri-id=\"31-c36\">\n<div class=\"w-100 h-y-container h-column__content h-column__v-align flex-basis-100 align-self-lg-start align-self-md-start align-self-start\">\n<div class=\"h-global-transition-all h-heading style-206 style-local-31-c37 position-relative h-element\" data-colibri-id=\"31-c37\">\n<div class=\"h-heading__outer style-206 style-local-31-c37\">\u00a0<\/div>\n<\/div>\n<\/div>\n<\/div>\n<\/div>\n<\/div>\n<\/div>\n<\/div>\n<\/div>\n<div id=\"portfolio\" class=\"h-section h-section-global-spacing d-flex align-items-lg-center align-items-md-center align-items-center style-240 style-local-31-c95 position-relative\" data-colibri-component=\"section\" data-colibri-id=\"31-c95\">\n<div class=\"h-section-grid-container h-section-fluid-container\">\n<div class=\"h-row-container gutters-row-lg-2 gutters-row-md-2 gutters-row-0 gutters-row-v-lg-2 gutters-row-v-md-2 gutters-row-v-2 style-254 style-local-31-c137 position-relative\" data-colibri-id=\"31-c137\">\n<div class=\"h-row justify-content-lg-center justify-content-md-center justify-content-center align-items-lg-stretch align-items-md-stretch align-items-stretch gutters-col-lg-2 gutters-col-md-2 gutters-col-0 gutters-col-v-lg-2 gutters-col-v-md-2 gutters-col-v-2\">\n<div class=\"h-column h-column-container d-flex h-col-lg-auto h-col-md-auto h-col-auto style-255-outer style-local-31-c138-outer\">\n<div class=\"d-flex h-flex-basis h-column__inner h-px-lg-2 h-px-md-2 h-px-2 v-inner-lg-2 v-inner-md-2 v-inner-2 style-255 style-local-31-c138 position-relative\" data-colibri-id=\"31-c138\">\n<div class=\"w-100 h-y-container h-column__content h-column__v-align flex-basis-100 align-self-lg-start align-self-md-start align-self-start\">\n<div class=\"h-lead h-text h-text-component style-257 style-local-31-c140 position-relative h-element\" data-colibri-id=\"31-c140\">\n<div class=\"\"><strong><span style=\"color: #000000;\">Klicke die Zeilen an, um mehr zu erfahren:<\/span><\/strong>\n<p><strong><span style=\"color: #000000;\">freiheits.info &#8211; DIE HINTERGR\u00dcNDE ZUR ENTSTEHUNG DIESER WEBSEITE<\/span><\/strong><\/p>\n<p><strong><span style=\"color: #000000;\">freiheits.info &#8211; DIE B\u00dcCHER MIT DEM WERTVOLLEN WISSEN<\/span><\/strong><\/p>\n<p><strong><span style=\"color: #000000;\">freiheits.info &#8211; DIE PRODUKTE DER FREIHEIT<\/span><\/strong><\/p>\n<p><span style=\"color: #000000;\"><strong>freiheits.info &#8211; IMPRESSUM, oder was man (nicht) hier erwartet<\/strong><\/span><\/p>\n<\/div>\n<\/div>\n<\/div>\n<\/div>\n<\/div>\n<\/div>\n<\/div>\n<\/div>\n<\/div>\n<div id=\"blog-posts\" class=\"h-section h-section-global-spacing d-flex align-items-lg-center align-items-md-center align-items-center style-293 style-local-31-c252 position-relative\" data-colibri-component=\"section\" data-colibri-id=\"31-c252\">\n<div class=\"h-section-grid-container h-section-boxed-container\">\n<div class=\"h-row-container gutters-row-lg-2 gutters-row-md-2 gutters-row-0 gutters-row-v-lg-2 gutters-row-v-md-2 gutters-row-v-2 style-294 style-local-31-c253 position-relative\" data-colibri-id=\"31-c253\">\n<div class=\"h-row justify-content-lg-center justify-content-md-center justify-content-center align-items-lg-stretch align-items-md-stretch align-items-stretch gutters-col-lg-2 gutters-col-md-2 gutters-col-0 gutters-col-v-lg-2 gutters-col-v-md-2 gutters-col-v-2\">\n<div class=\"h-column h-column-container d-flex h-col-lg-auto h-col-md-auto h-col-auto style-295-outer style-local-31-c254-outer\">\n<div class=\"d-flex h-flex-basis h-column__inner h-px-lg-2 h-px-md-2 h-px-2 v-inner-lg-2 v-inner-md-2 v-inner-2 style-295 style-local-31-c254 position-relative\" data-colibri-id=\"31-c254\">\n<div class=\"w-100 h-y-container h-column__content h-column__v-align flex-basis-100 align-self-lg-start align-self-md-start align-self-start\">\n<div class=\"h-row-container gutters-row-lg-1 gutters-row-md-1 gutters-row-0 gutters-row-v-lg-1 gutters-row-v-md-1 gutters-row-v-1 colibri-dynamic-list style-296 style-local-31-c255 position-relative\" data-colibri-id=\"31-c255\">\n<div class=\"h-row justify-content-lg-start justify-content-md-start justify-content-start align-items-lg-stretch align-items-md-stretch align-items-stretch gutters-col-lg-1 gutters-col-md-1 gutters-col-0 gutters-col-v-lg-1 gutters-col-v-md-1 gutters-col-v-1 style-296-row style-local-31-c255-row\" data-colibri-component=\"masonry\">\u00a0<\/div>\n<\/div>\n<\/div>\n<\/div>\n<\/div>\n<\/div>\n<\/div>\n<\/div>\n<\/div>\n<\/div>","protected":false},"excerpt":{"rendered":"<p>Informationen, B\u00fccher und Produkte f\u00fcr ein freies Leben. Die Grundlagen f\u00fcr Selbstverwirklichung und ein erf\u00fclltes, gl\u00fcckliches Leben sind Freiheit, Selbstbestimmung und Unabh\u00e4ngigkeit in m\u00f6glichst vielen&#8230;<\/p>\n<div class=\"more-link-wrapper\"><a class=\"more-link\" href=\"https:\/\/freiheits.info\/\">Weiterlesen<span class=\"screen-reader-text\">freiheits.info: Freiheit durch Wissen.<\/span><\/a><\/div>\n","protected":false},"author":1,"featured_media":0,"parent":0,"menu_order":0,"comment_status":"closed","ping_status":"closed","template":"page-templates\/homepage.php","meta":[],"_links":{"self":[{"href":"https:\/\/freiheits.info\/index.php?rest_route=\/wp\/v2\/pages\/31"}],"collection":[{"href":"https:\/\/freiheits.info\/index.php?rest_route=\/wp\/v2\/pages"}],"about":[{"href":"https:\/\/freiheits.info\/index.php?rest_route=\/wp\/v2\/types\/page"}],"author":[{"embeddable":true,"href":"https:\/\/freiheits.info\/index.php?rest_route=\/wp\/v2\/users\/1"}],"replies":[{"embeddable":true,"href":"https:\/\/freiheits.info\/index.php?rest_route=%2Fwp%2Fv2%2Fcomments&post=31"}],"version-history":[{"count":43,"href":"https:\/\/freiheits.info\/index.php?rest_route=\/wp\/v2\/pages\/31\/revisions"}],"predecessor-version":[{"id":171,"href":"https:\/\/freiheits.info\/index.php?rest_route=\/wp\/v2\/pages\/31\/revisions\/171"}],"wp:attachment":[{"href":"https:\/\/freiheits.info\/index.php?rest_route=%2Fwp%2Fv2%2Fmedia&parent=31"}],"curies":[{"name":"wp","href":"https:\/\/api.w.org\/{rel}","templated":true}]}}